{"id":47,"date":"2023-10-02T21:16:07","date_gmt":"2023-10-02T19:16:07","guid":{"rendered":"https:\/\/petraholic.com\/?page_id=47"},"modified":"2023-10-15T20:49:36","modified_gmt":"2023-10-15T18:49:36","slug":"kontakt","status":"publish","type":"page","link":"https:\/\/petraholic.com\/sk\/kontakt\/","title":{"rendered":"Kontakt"},"content":{"rendered":"\t\t<div data-elementor-type=\"wp-page\" data-elementor-id=\"47\" class=\"elementor elementor-47\" data-elementor-post-type=\"page\">\n\t\t\t\t<div class=\"elementor-element elementor-element-9cc97cf intro-header e-flex e-con-boxed e-con e-parent\" data-id=\"9cc97cf\" data-element_type=\"container\" data-settings=\"{&quot;background_background&quot;:&quot;classic&quot;}\">\n\t\t\t\t\t<div class=\"e-con-inner\">\n\t\t<div class=\"elementor-element elementor-element-d06cab1 e-con-full e-flex elementor-invisible e-con e-child\" data-id=\"d06cab1\" data-element_type=\"container\" data-settings=\"{&quot;animation&quot;:&quot;fadeInLeft&quot;}\">\n\t\t\t\t<div class=\"elementor-element elementor-element-310b14f elementor-widget elementor-widget-image\" data-id=\"310b14f\" data-element_type=\"widget\" data-widget_type=\"image.default\">\n\t\t\t\t\t\t\t\t\t\t\t\t\t\t\t<img fetchpriority=\"high\" decoding=\"async\" width=\"741\" height=\"1024\" src=\"https:\/\/petraholic.com\/wp-content\/uploads\/2023\/10\/kontakt_banner.webp\" class=\"attachment-full size-full wp-image-571\" alt=\"\" srcset=\"https:\/\/petraholic.com\/wp-content\/uploads\/2023\/10\/kontakt_banner.webp 741w, https:\/\/petraholic.com\/wp-content\/uploads\/2023\/10\/kontakt_banner-217x300.webp 217w\" sizes=\"(max-width: 741px) 100vw, 741px\" \/>\t\t\t\t\t\t\t\t\t\t\t\t\t\t\t<\/div>\n\t\t\t\t<\/div>\n\t\t<div class=\"elementor-element elementor-element-7a70173 e-con-full e-flex e-con e-child\" data-id=\"7a70173\" data-element_type=\"container\">\n\t\t\t\t<div class=\"elementor-element elementor-element-4dd1c20 elementor-invisible elementor-widget elementor-widget-heading\" data-id=\"4dd1c20\" data-element_type=\"widget\" data-settings=\"{&quot;_animation&quot;:&quot;fadeInDown&quot;}\" data-widget_type=\"heading.default\">\n\t\t\t\t\t<h1 class=\"elementor-heading-title elementor-size-default\">Kontakt<\/h1>\t\t\t\t<\/div>\n\t\t\t\t<div class=\"elementor-element elementor-element-74d1f48 elementor-invisible elementor-widget elementor-widget-text-editor\" data-id=\"74d1f48\" data-element_type=\"widget\" data-settings=\"{&quot;_animation&quot;:&quot;fadeInUp&quot;}\" data-widget_type=\"text-editor.default\">\n\t\t\t\t\t\t\t\t\tCertifikovan\u00e1 kou\u010dka, facilit\u00e1torka a lektorka. Kou\u010duje v&nbsp;komer\u010dnom sektore, kde  sprev\u00e1dza podnikate\u013eov, mana\u017e\u00e9rov a&nbsp;l\u00eddrov v&nbsp;ich osobn\u00fdch a&nbsp;profesion\u00e1lnych v\u00fdzvach, na ceste k&nbsp;ich cie\u013eom a&nbsp;snom, vedie vzdel\u00e1vacie kurzy a&nbsp;kou\u010duje zamestnancov v&nbsp;snahe podpori\u0165 atmosf\u00e9ru \u013eudskosti na pracovisku.\t\t\t\t\t\t\t\t<\/div>\n\t\t<div class=\"elementor-element elementor-element-0fb6af0 e-flex e-con-boxed elementor-invisible e-con e-child\" data-id=\"0fb6af0\" data-element_type=\"container\" data-settings=\"{&quot;animation&quot;:&quot;fadeInUp&quot;}\">\n\t\t\t\t\t<div class=\"e-con-inner\">\n\t\t\t\t<div class=\"elementor-element elementor-element-72b6702 elementor-position-left elementor-vertical-align-middle elementor-mobile-position-left elementor-view-default elementor-widget elementor-widget-icon-box\" data-id=\"72b6702\" data-element_type=\"widget\" data-widget_type=\"icon-box.default\">\n\t\t\t\t\t\t\t<div class=\"elementor-icon-box-wrapper\">\n\n\t\t\t\t\t\t<div class=\"elementor-icon-box-icon\">\n\t\t\t\t<a href=\"tel:+421%20918%20936%20422\" class=\"elementor-icon\" tabindex=\"-1\" aria-label=\"+421 918 936 422\">\n\t\t\t\t<svg xmlns=\"http:\/\/www.w3.org\/2000\/svg\" width=\"18\" height=\"18\" viewBox=\"0 0 18 18\" fill=\"none\"><g clip-path=\"url(#clip0_53_90)\"><path d=\"M14.2307 18C13.0106 17.9781 11.9475 17.7158 10.9195 17.3082C8.69096 16.425 6.77856 15.0632 5.0652 13.4063C3.60631 11.9945 2.35974 10.418 1.40354 8.62284C0.740831 7.38052 0.233459 6.08354 0.0570501 4.67568C-0.0592552 3.74492 -0.0210072 2.83211 0.391916 1.96537C0.692436 1.33445 1.21776 0.920606 1.76572 0.530965C2.06624 0.317014 2.36364 0.0874462 2.74534 0.0265404C3.25037 -0.0538864 3.71325 0.0507465 4.08246 0.407592C5.04725 1.33992 5.86451 2.39406 6.51551 3.56532C6.91672 4.2876 6.8574 5.02394 6.35237 5.69C6.0979 6.02576 5.81221 6.34044 5.52028 6.64419C5.00432 7.18141 4.95124 7.73815 5.37431 8.34643C6.56078 10.0526 8.01186 11.4917 9.72054 12.6739C10.2185 13.0182 10.8102 12.9737 11.259 12.5645C11.6041 12.2491 11.9436 11.9235 12.3136 11.64C12.9716 11.1372 13.7007 11.0848 14.4196 11.476C15.3828 12 16.2524 12.6629 17.061 13.4039C17.2242 13.5531 17.3858 13.7046 17.5395 13.8631C18.0492 14.3902 18.1531 15.1515 17.7581 15.7629C17.474 16.2033 17.1602 16.632 16.8113 17.0232C16.2789 17.6197 15.56 17.8649 14.7841 17.957C14.5648 17.9828 14.3439 17.9922 14.2291 18.0008L14.2307 18Z\" fill=\"#333333\"><\/path><\/g><defs><clipPath id=\"clip0_53_90\"><rect width=\"18\" height=\"18\" fill=\"white\"><\/rect><\/clipPath><\/defs><\/svg>\t\t\t\t<\/a>\n\t\t\t<\/div>\n\t\t\t\n\t\t\t\t\t\t<div class=\"elementor-icon-box-content\">\n\n\t\t\t\t\t\t\t\t\t<span class=\"elementor-icon-box-title\">\n\t\t\t\t\t\t<a href=\"tel:+421%20918%20936%20422\" >\n\t\t\t\t\t\t\t+421 918 936 422\t\t\t\t\t\t<\/a>\n\t\t\t\t\t<\/span>\n\t\t\t\t\n\t\t\t\t\n\t\t\t<\/div>\n\t\t\t\n\t\t<\/div>\n\t\t\t\t\t\t<\/div>\n\t\t\t\t<div class=\"elementor-element elementor-element-bf10971 elementor-position-left elementor-vertical-align-middle elementor-mobile-position-left elementor-view-default elementor-widget elementor-widget-icon-box\" data-id=\"bf10971\" data-element_type=\"widget\" data-widget_type=\"icon-box.default\">\n\t\t\t\t\t\t\t<div class=\"elementor-icon-box-wrapper\">\n\n\t\t\t\t\t\t<div class=\"elementor-icon-box-icon\">\n\t\t\t\t<a href=\"mailto:petra@petraholic.com\" class=\"elementor-icon\" tabindex=\"-1\" aria-label=\"petra@petraholic.com\">\n\t\t\t\t<svg xmlns=\"http:\/\/www.w3.org\/2000\/svg\" width=\"20\" height=\"15\" viewBox=\"0 0 20 15\" fill=\"none\"><g clip-path=\"url(#clip0_53_92)\"><path d=\"M11.5976 9.03996C11.0984 9.33954 10.5342 9.4867 9.97004 9.4867C9.40589 9.4867 8.84673 9.33954 8.34248 9.03996L0 4.1258V12.9345C0 14.075 0.878682 15 1.96206 15H18.0429C19.1263 15 20.005 14.075 20.005 12.9345V4.07324L11.6026 9.03996H11.5976Z\" fill=\"#231F20\"><\/path><path d=\"M8.70694 8.35144C9.48577 8.81395 10.4493 8.81395 11.2282 8.35144L20 3.16924V2.06552C20 0.925018 19.1213 0 18.0379 0H1.96206C0.878682 0 0 0.925018 0 2.06552V3.22705L8.70694 8.35144Z\" fill=\"#231F20\"><\/path><\/g><defs><clipPath id=\"clip0_53_92\"><rect width=\"20\" height=\"15\" fill=\"white\"><\/rect><\/clipPath><\/defs><\/svg>\t\t\t\t<\/a>\n\t\t\t<\/div>\n\t\t\t\n\t\t\t\t\t\t<div class=\"elementor-icon-box-content\">\n\n\t\t\t\t\t\t\t\t\t<span class=\"elementor-icon-box-title\">\n\t\t\t\t\t\t<a href=\"mailto:petra@petraholic.com\" >\n\t\t\t\t\t\t\tpetra@petraholic.com\t\t\t\t\t\t<\/a>\n\t\t\t\t\t<\/span>\n\t\t\t\t\n\t\t\t\t\n\t\t\t<\/div>\n\t\t\t\n\t\t<\/div>\n\t\t\t\t\t\t<\/div>\n\t\t\t\t<div class=\"elementor-element elementor-element-523adc1 elementor-position-left elementor-vertical-align-middle elementor-mobile-position-left elementor-view-default elementor-widget elementor-widget-icon-box\" data-id=\"523adc1\" data-element_type=\"widget\" data-widget_type=\"icon-box.default\">\n\t\t\t\t\t\t\t<div class=\"elementor-icon-box-wrapper\">\n\n\t\t\t\t\t\t<div class=\"elementor-icon-box-icon\">\n\t\t\t\t<a href=\"https:\/\/sk.linkedin.com\/in\/petraholic?\" target=\"_blank\" class=\"elementor-icon\" tabindex=\"-1\" aria-label=\"LinkedIn\">\n\t\t\t\t<svg xmlns=\"http:\/\/www.w3.org\/2000\/svg\" width=\"20\" height=\"20\" viewBox=\"0 0 20 20\" fill=\"none\"><g clip-path=\"url(#clip0_53_116)\"><path d=\"M19.9991 10.0226C19.9991 12.4009 19.9991 14.7793 19.9991 17.1576C19.9991 18.8256 18.8263 19.9991 17.1607 19.9991C12.3826 19.9991 7.60442 19.9991 2.82542 19.9991C1.17632 19.9991 0 18.8195 0 17.1663C0 12.3879 0 7.60951 0 2.83112C0 1.17877 1.17718 0 2.82802 0C7.60616 0 12.3843 0 17.1633 0C18.8289 0 19.9991 1.17443 20 2.84413C20 5.23723 20 7.62946 20 10.0226H19.9991ZM10.6519 8.87414C10.6519 8.67638 10.6528 8.53413 10.6519 8.39188C10.6493 8.0085 10.5253 7.881 10.1479 7.87926C9.59879 7.87753 9.04966 7.87753 8.50054 7.87926C8.13273 7.881 8.01215 8.00416 8.01215 8.37887C8.01215 10.8362 8.01215 13.2926 8.01215 15.7498C8.01215 16.1202 8.1388 16.2486 8.50488 16.2503C9.03231 16.2529 9.55975 16.2512 10.0872 16.2503C10.5253 16.2503 10.6424 16.135 10.6432 15.7013C10.6432 14.4514 10.6406 13.2006 10.645 11.9507C10.6467 11.5188 10.7291 11.1007 10.9425 10.7208C11.2444 10.183 11.7189 9.95403 12.3427 10.0304C12.8788 10.0963 13.2674 10.438 13.3949 11.0357C13.4739 11.406 13.4938 11.7937 13.4982 12.1745C13.5103 13.3672 13.5008 14.5589 13.5016 15.7516C13.5016 16.1089 13.6318 16.2417 13.9813 16.2434C14.5669 16.246 15.1525 16.2469 15.7372 16.2434C16.072 16.2417 16.2117 16.1011 16.2117 15.7646C16.2117 14.3846 16.2125 13.0037 16.2021 11.6237C16.1969 10.8986 16.1267 10.1795 15.8699 9.49345C15.5957 8.75965 15.1204 8.2158 14.3674 7.94431C13.0158 7.45772 11.6669 7.78038 10.6528 8.87328L10.6519 8.87414ZM6.81674 12.06C6.81674 10.8388 6.81761 9.61749 6.81674 8.39622C6.81674 8.02845 6.67274 7.88013 6.30753 7.87666C5.76534 7.87232 5.22316 7.87145 4.68185 7.87666C4.32271 7.88013 4.1761 8.03626 4.17523 8.40229C4.17523 10.8379 4.17523 13.2735 4.17523 15.7091C4.17523 16.0994 4.32357 16.2503 4.70961 16.2521C5.22229 16.2547 5.73585 16.2538 6.24854 16.2521C6.68488 16.2521 6.81674 16.1194 6.81674 15.6813C6.81674 14.4748 6.81674 13.2674 6.81674 12.0609V12.06ZM7.20017 5.45494C7.20278 4.52424 6.44025 3.75575 5.50857 3.74967C4.57254 3.7436 3.79007 4.51904 3.79007 5.45494C3.79007 6.38303 4.55953 7.15674 5.48601 7.15847C6.43244 7.16107 7.19757 6.39951 7.20017 5.45494Z\" fill=\"#333333\"><\/path><\/g><defs><clipPath id=\"clip0_53_116\"><rect width=\"20\" height=\"20\" fill=\"white\"><\/rect><\/clipPath><\/defs><\/svg>\t\t\t\t<\/a>\n\t\t\t<\/div>\n\t\t\t\n\t\t\t\t\t\t<div class=\"elementor-icon-box-content\">\n\n\t\t\t\t\t\t\t\t\t<span class=\"elementor-icon-box-title\">\n\t\t\t\t\t\t<a href=\"https:\/\/sk.linkedin.com\/in\/petraholic?\" target=\"_blank\" >\n\t\t\t\t\t\t\tLinkedIn\t\t\t\t\t\t<\/a>\n\t\t\t\t\t<\/span>\n\t\t\t\t\n\t\t\t\t\n\t\t\t<\/div>\n\t\t\t\n\t\t<\/div>\n\t\t\t\t\t\t<\/div>\n\t\t\t\t\t<\/div>\n\t\t\t\t<\/div>\n\t\t\t\t<\/div>\n\t\t\t\t\t<\/div>\n\t\t\t\t<\/div>\n\t\t<div class=\"elementor-element elementor-element-f9367eb e-flex e-con-boxed e-con e-parent\" data-id=\"f9367eb\" data-element_type=\"container\" data-settings=\"{&quot;background_background&quot;:&quot;classic&quot;}\">\n\t\t\t\t\t<div class=\"e-con-inner\">\n\t\t<div class=\"elementor-element elementor-element-7575003 e-flex e-con-boxed elementor-invisible e-con e-child\" data-id=\"7575003\" data-element_type=\"container\" data-settings=\"{&quot;animation&quot;:&quot;fadeInLeft&quot;}\">\n\t\t\t\t\t<div class=\"e-con-inner\">\n\t\t\t\t<div class=\"elementor-element elementor-element-3e264aa elementor-widget elementor-widget-heading\" data-id=\"3e264aa\" data-element_type=\"widget\" data-widget_type=\"heading.default\">\n\t\t\t\t\t<h2 class=\"elementor-heading-title elementor-size-default\">SOM TU PRE <br \/>VA\u0160E OT\u00c1ZKY<\/h2>\t\t\t\t<\/div>\n\t\t\t\t\t<\/div>\n\t\t\t\t<\/div>\n\t\t<div class=\"elementor-element elementor-element-d4a4208 e-flex e-con-boxed elementor-invisible e-con e-child\" data-id=\"d4a4208\" data-element_type=\"container\" data-settings=\"{&quot;animation&quot;:&quot;fadeInRight&quot;}\">\n\t\t\t\t\t<div class=\"e-con-inner\">\n\t\t\t\t<div class=\"elementor-element elementor-element-b3a4e6b elementor-widget elementor-widget-shortcode\" data-id=\"b3a4e6b\" data-element_type=\"widget\" data-widget_type=\"shortcode.default\">\n\t\t\t\t\t\t\t<div class=\"elementor-shortcode\">\n<div class=\"wpcf7 no-js\" id=\"wpcf7-f1231-o1\" lang=\"sk-SK\" dir=\"ltr\" data-wpcf7-id=\"1231\">\n<div class=\"screen-reader-response\"><p role=\"status\" aria-live=\"polite\" aria-atomic=\"true\"><\/p> <ul><\/ul><\/div>\n<form action=\"\/sk\/wp-json\/wp\/v2\/pages\/47#wpcf7-f1231-o1\" method=\"post\" class=\"wpcf7-form init wpcf7-acceptance-as-validation\" aria-label=\"Kontaktn\u00fd formul\u00e1r\" novalidate=\"novalidate\" data-status=\"init\">\n<fieldset class=\"hidden-fields-container\"><input type=\"hidden\" name=\"_wpcf7\" value=\"1231\" \/><input type=\"hidden\" name=\"_wpcf7_version\" value=\"6.1\" \/><input type=\"hidden\" name=\"_wpcf7_locale\" value=\"sk_SK\" \/><input type=\"hidden\" name=\"_wpcf7_unit_tag\" value=\"wpcf7-f1231-o1\" \/><input type=\"hidden\" name=\"_wpcf7_container_post\" value=\"0\" \/><input type=\"hidden\" name=\"_wpcf7_posted_data_hash\" value=\"\" \/><input type=\"hidden\" name=\"_wpcf7_recaptcha_response\" value=\"\" \/>\n<\/fieldset>\n<div class=\"col one-second first\">\n\t<p><span class=\"wpcf7-form-control-wrap\" data-name=\"meno-priezvisko\"><input size=\"40\" maxlength=\"400\" class=\"wpcf7-form-control wpcf7-text wpcf7-validates-as-required\" aria-required=\"true\" aria-invalid=\"false\" placeholder=\"Meno a priezvisko\" value=\"\" type=\"text\" name=\"meno-priezvisko\" \/><\/span>\n\t<\/p>\n<\/div>\n<div class=\"col one-second\">\n\t<p><span class=\"wpcf7-form-control-wrap\" data-name=\"telefon\"><input size=\"40\" maxlength=\"400\" class=\"wpcf7-form-control wpcf7-text\" aria-invalid=\"false\" placeholder=\"Mobil\" value=\"\" type=\"text\" name=\"telefon\" \/><\/span>\n\t<\/p>\n<\/div>\n<div class=\"col one\">\n\t<p><span class=\"wpcf7-form-control-wrap\" data-name=\"email\"><input size=\"40\" maxlength=\"400\" class=\"wpcf7-form-control wpcf7-email wpcf7-validates-as-required wpcf7-text wpcf7-validates-as-email\" aria-required=\"true\" aria-invalid=\"false\" placeholder=\"E-mailov\u00e1 adresa\" value=\"\" type=\"email\" name=\"email\" \/><\/span>\n\t<\/p>\n<\/div>\n<div class=\"col one mb-10\">\n\t<p><span class=\"wpcf7-form-control-wrap\" data-name=\"sprava\"><textarea cols=\"40\" rows=\"8\" maxlength=\"2000\" class=\"wpcf7-form-control wpcf7-textarea wpcf7-validates-as-required\" aria-required=\"true\" aria-invalid=\"false\" placeholder=\"Va\u0161a spr\u00e1va*\" name=\"sprava\"><\/textarea><\/span>\n\t<\/p>\n<\/div>\n<div class=\"col one gdpr\">\n\t<p><span class=\"wpcf7-form-control-wrap\" data-name=\"GDPR\"><span class=\"wpcf7-form-control wpcf7-acceptance\"><span class=\"wpcf7-list-item\"><label><input type=\"checkbox\" name=\"GDPR\" value=\"1\" aria-invalid=\"false\" \/><span class=\"wpcf7-list-item-label\">Obozn\u00e1mil som sa a s\u00fahlas\u00edm so spracovan\u00edm <a href=\"\/spracovanie-osobnych-udajov\/\">osobn\u00fdch \u00fadajov<\/a>.<\/span><\/label><\/span><\/span><\/span>\n\t<\/p>\n<\/div>\n<div class=\"col one captcha\">\n\t<p class=\"recapcha-text\">T\u00e1to str\u00e1nka je chr\u00e1nen\u00e1 z\u00e1konom reCAPTCHA a uplat\u0148uj\u00fa sa <a href=\"https:\/\/policies.google.com\/privacy\" target=\"_Blank\">Pravidl\u00e1 ochrany osobn\u00fdch \u00fadajov<\/a> spolo\u010dnosti Google a <a href=\"https:\/\/policies.google.com\/terms\" target=\"_Blank\">Zmluvn\u00e9 podmienky<\/a>.\n\t<\/p>\n<\/div>\n<div class=\"col one mb-0\">\n\t<p><input class=\"wpcf7-form-control wpcf7-submit has-spinner\" type=\"submit\" value=\"Odosla\u0165\" \/>\n\t<\/p>\n<\/div><div class=\"wpcf7-response-output\" aria-hidden=\"true\"><\/div>\n<\/form>\n<\/div>\n<\/div>\n\t\t\t\t\t\t<\/div>\n\t\t\t\t\t<\/div>\n\t\t\t\t<\/div>\n\t\t\t\t\t<\/div>\n\t\t\t\t<\/div>\n\t\t\t\t<\/div>\n\t\t","protected":false},"excerpt":{"rendered":"<p>Kontakt Certifikovan\u00e1 kou\u010dka, facilit\u00e1torka a lektorka. Kou\u010duje v&nbsp;komer\u010dnom sektore, kde sprev\u00e1dza podnikate\u013eov, mana\u017e\u00e9rov a&nbsp;l\u00eddrov v&nbsp;ich osobn\u00fdch a&nbsp;profesion\u00e1lnych v\u00fdzvach, na ceste k&nbsp;ich cie\u013eom a&nbsp;snom, vedie vzdel\u00e1vacie kurzy a&nbsp;kou\u010duje zamestnancov v&nbsp;snahe podpori\u0165 atmosf\u00e9ru \u013eudskosti na pracovisku. +421 918 936 422 petra@petraholic.com LinkedIn SOM TU PRE VA\u0160E OT\u00c1ZKY<\/p>\n","protected":false},"author":1,"featured_media":0,"parent":0,"menu_order":0,"comment_status":"closed","ping_status":"closed","template":"","meta":{"inline_featured_image":false,"footnotes":""},"class_list":["post-47","page","type-page","status-publish","hentry"],"yoast_head":"<!-- This site is optimized with the Yoast SEO plugin v25.4 - https:\/\/yoast.com\/wordpress\/plugins\/seo\/ -->\n<title>Kontakt | Petra Holic<\/title>\n<meta name=\"description\" content=\"V pr\u00edpade potreby ma nev\u00e1hajte kontaktova\u0165, som tu pre va\u0161e ot\u00e1zky. E-mail: petra@petraholic.com | Tel.\u010d.: +421 918 936 422\" \/>\n<meta name=\"robots\" content=\"index, follow, max-snippet:-1, max-image-preview:large, max-video-preview:-1\" \/>\n<link rel=\"canonical\" href=\"https:\/\/petraholic.com\/sk\/kontakt\/\" \/>\n<meta property=\"og:locale\" content=\"sk_SK\" \/>\n<meta property=\"og:type\" content=\"article\" \/>\n<meta property=\"og:title\" content=\"Kontakt | Petra Holic\" \/>\n<meta property=\"og:description\" content=\"V pr\u00edpade potreby ma nev\u00e1hajte kontaktova\u0165, som tu pre va\u0161e ot\u00e1zky. E-mail: petra@petraholic.com | Tel.\u010d.: +421 918 936 422\" \/>\n<meta property=\"og:url\" content=\"https:\/\/petraholic.com\/sk\/kontakt\/\" \/>\n<meta property=\"og:site_name\" content=\"Petra Holic\" \/>\n<meta property=\"article:modified_time\" content=\"2023-10-15T18:49:36+00:00\" \/>\n<meta property=\"og:image\" content=\"https:\/\/petraholic.com\/wp-content\/uploads\/2023\/10\/kontakt_banner.webp\" \/>\n<meta name=\"twitter:card\" content=\"summary_large_image\" \/>\n<meta name=\"twitter:label1\" content=\"Predpokladan\u00fd \u010das \u010d\u00edtania\" \/>\n\t<meta name=\"twitter:data1\" content=\"1 min\u00fata\" \/>\n<script type=\"application\/ld+json\" class=\"yoast-schema-graph\">{\"@context\":\"https:\/\/schema.org\",\"@graph\":[{\"@type\":\"WebPage\",\"@id\":\"https:\/\/petraholic.com\/sk\/kontakt\/\",\"url\":\"https:\/\/petraholic.com\/sk\/kontakt\/\",\"name\":\"Kontakt | Petra Holic\",\"isPartOf\":{\"@id\":\"https:\/\/petraholic.com\/#website\"},\"primaryImageOfPage\":{\"@id\":\"https:\/\/petraholic.com\/sk\/kontakt\/#primaryimage\"},\"image\":{\"@id\":\"https:\/\/petraholic.com\/sk\/kontakt\/#primaryimage\"},\"thumbnailUrl\":\"https:\/\/petraholic.com\/wp-content\/uploads\/2023\/10\/kontakt_banner.webp\",\"datePublished\":\"2023-10-02T19:16:07+00:00\",\"dateModified\":\"2023-10-15T18:49:36+00:00\",\"description\":\"V pr\u00edpade potreby ma nev\u00e1hajte kontaktova\u0165, som tu pre va\u0161e ot\u00e1zky. E-mail: petra@petraholic.com | Tel.\u010d.: +421 918 936 422\",\"breadcrumb\":{\"@id\":\"https:\/\/petraholic.com\/sk\/kontakt\/#breadcrumb\"},\"inLanguage\":\"sk-SK\",\"potentialAction\":[{\"@type\":\"ReadAction\",\"target\":[\"https:\/\/petraholic.com\/sk\/kontakt\/\"]}]},{\"@type\":\"ImageObject\",\"inLanguage\":\"sk-SK\",\"@id\":\"https:\/\/petraholic.com\/sk\/kontakt\/#primaryimage\",\"url\":\"https:\/\/petraholic.com\/wp-content\/uploads\/2023\/10\/kontakt_banner.webp\",\"contentUrl\":\"https:\/\/petraholic.com\/wp-content\/uploads\/2023\/10\/kontakt_banner.webp\"},{\"@type\":\"BreadcrumbList\",\"@id\":\"https:\/\/petraholic.com\/sk\/kontakt\/#breadcrumb\",\"itemListElement\":[{\"@type\":\"ListItem\",\"position\":1,\"name\":\"Home\",\"item\":\"https:\/\/petraholic.com\/\"},{\"@type\":\"ListItem\",\"position\":2,\"name\":\"Kontakt\"}]},{\"@type\":\"WebSite\",\"@id\":\"https:\/\/petraholic.com\/#website\",\"url\":\"https:\/\/petraholic.com\/\",\"name\":\"Petra Holic\",\"description\":\"\",\"publisher\":{\"@id\":\"https:\/\/petraholic.com\/#organization\"},\"potentialAction\":[{\"@type\":\"SearchAction\",\"target\":{\"@type\":\"EntryPoint\",\"urlTemplate\":\"https:\/\/petraholic.com\/?s={search_term_string}\"},\"query-input\":{\"@type\":\"PropertyValueSpecification\",\"valueRequired\":true,\"valueName\":\"search_term_string\"}}],\"inLanguage\":\"sk-SK\"},{\"@type\":\"Organization\",\"@id\":\"https:\/\/petraholic.com\/#organization\",\"name\":\"Petra Holic\",\"url\":\"https:\/\/petraholic.com\/\",\"logo\":{\"@type\":\"ImageObject\",\"inLanguage\":\"sk-SK\",\"@id\":\"https:\/\/petraholic.com\/#\/schema\/logo\/image\/\",\"url\":\"https:\/\/petraholic.com\/wp-content\/uploads\/2023\/10\/petra-holic-logo.svg\",\"contentUrl\":\"https:\/\/petraholic.com\/wp-content\/uploads\/2023\/10\/petra-holic-logo.svg\",\"width\":192,\"height\":45,\"caption\":\"Petra Holic\"},\"image\":{\"@id\":\"https:\/\/petraholic.com\/#\/schema\/logo\/image\/\"},\"sameAs\":[\"https:\/\/sk.linkedin.com\/in\/petraholic\"]}]}<\/script>\n<!-- \/ Yoast SEO plugin. -->","yoast_head_json":{"title":"Kontakt | Petra Holic","description":"V pr\u00edpade potreby ma nev\u00e1hajte kontaktova\u0165, som tu pre va\u0161e ot\u00e1zky. E-mail: petra@petraholic.com | Tel.\u010d.: +421 918 936 422","robots":{"index":"index","follow":"follow","max-snippet":"max-snippet:-1","max-image-preview":"max-image-preview:large","max-video-preview":"max-video-preview:-1"},"canonical":"https:\/\/petraholic.com\/sk\/kontakt\/","og_locale":"sk_SK","og_type":"article","og_title":"Kontakt | Petra Holic","og_description":"V pr\u00edpade potreby ma nev\u00e1hajte kontaktova\u0165, som tu pre va\u0161e ot\u00e1zky. E-mail: petra@petraholic.com | Tel.\u010d.: +421 918 936 422","og_url":"https:\/\/petraholic.com\/sk\/kontakt\/","og_site_name":"Petra Holic","article_modified_time":"2023-10-15T18:49:36+00:00","og_image":[{"url":"https:\/\/petraholic.com\/wp-content\/uploads\/2023\/10\/kontakt_banner.webp","type":"","width":"","height":""}],"twitter_card":"summary_large_image","twitter_misc":{"Predpokladan\u00fd \u010das \u010d\u00edtania":"1 min\u00fata"},"schema":{"@context":"https:\/\/schema.org","@graph":[{"@type":"WebPage","@id":"https:\/\/petraholic.com\/sk\/kontakt\/","url":"https:\/\/petraholic.com\/sk\/kontakt\/","name":"Kontakt | Petra Holic","isPartOf":{"@id":"https:\/\/petraholic.com\/#website"},"primaryImageOfPage":{"@id":"https:\/\/petraholic.com\/sk\/kontakt\/#primaryimage"},"image":{"@id":"https:\/\/petraholic.com\/sk\/kontakt\/#primaryimage"},"thumbnailUrl":"https:\/\/petraholic.com\/wp-content\/uploads\/2023\/10\/kontakt_banner.webp","datePublished":"2023-10-02T19:16:07+00:00","dateModified":"2023-10-15T18:49:36+00:00","description":"V pr\u00edpade potreby ma nev\u00e1hajte kontaktova\u0165, som tu pre va\u0161e ot\u00e1zky. E-mail: petra@petraholic.com | Tel.\u010d.: +421 918 936 422","breadcrumb":{"@id":"https:\/\/petraholic.com\/sk\/kontakt\/#breadcrumb"},"inLanguage":"sk-SK","potentialAction":[{"@type":"ReadAction","target":["https:\/\/petraholic.com\/sk\/kontakt\/"]}]},{"@type":"ImageObject","inLanguage":"sk-SK","@id":"https:\/\/petraholic.com\/sk\/kontakt\/#primaryimage","url":"https:\/\/petraholic.com\/wp-content\/uploads\/2023\/10\/kontakt_banner.webp","contentUrl":"https:\/\/petraholic.com\/wp-content\/uploads\/2023\/10\/kontakt_banner.webp"},{"@type":"BreadcrumbList","@id":"https:\/\/petraholic.com\/sk\/kontakt\/#breadcrumb","itemListElement":[{"@type":"ListItem","position":1,"name":"Home","item":"https:\/\/petraholic.com\/"},{"@type":"ListItem","position":2,"name":"Kontakt"}]},{"@type":"WebSite","@id":"https:\/\/petraholic.com\/#website","url":"https:\/\/petraholic.com\/","name":"Petra Holic","description":"","publisher":{"@id":"https:\/\/petraholic.com\/#organization"},"potentialAction":[{"@type":"SearchAction","target":{"@type":"EntryPoint","urlTemplate":"https:\/\/petraholic.com\/?s={search_term_string}"},"query-input":{"@type":"PropertyValueSpecification","valueRequired":true,"valueName":"search_term_string"}}],"inLanguage":"sk-SK"},{"@type":"Organization","@id":"https:\/\/petraholic.com\/#organization","name":"Petra Holic","url":"https:\/\/petraholic.com\/","logo":{"@type":"ImageObject","inLanguage":"sk-SK","@id":"https:\/\/petraholic.com\/#\/schema\/logo\/image\/","url":"https:\/\/petraholic.com\/wp-content\/uploads\/2023\/10\/petra-holic-logo.svg","contentUrl":"https:\/\/petraholic.com\/wp-content\/uploads\/2023\/10\/petra-holic-logo.svg","width":192,"height":45,"caption":"Petra Holic"},"image":{"@id":"https:\/\/petraholic.com\/#\/schema\/logo\/image\/"},"sameAs":["https:\/\/sk.linkedin.com\/in\/petraholic"]}]}},"_links":{"self":[{"href":"https:\/\/petraholic.com\/sk\/wp-json\/wp\/v2\/pages\/47","targetHints":{"allow":["GET"]}}],"collection":[{"href":"https:\/\/petraholic.com\/sk\/wp-json\/wp\/v2\/pages"}],"about":[{"href":"https:\/\/petraholic.com\/sk\/wp-json\/wp\/v2\/types\/page"}],"author":[{"embeddable":true,"href":"https:\/\/petraholic.com\/sk\/wp-json\/wp\/v2\/users\/1"}],"replies":[{"embeddable":true,"href":"https:\/\/petraholic.com\/sk\/wp-json\/wp\/v2\/comments?post=47"}],"version-history":[{"count":0,"href":"https:\/\/petraholic.com\/sk\/wp-json\/wp\/v2\/pages\/47\/revisions"}],"wp:attachment":[{"href":"https:\/\/petraholic.com\/sk\/wp-json\/wp\/v2\/media?parent=47"}],"curies":[{"name":"wp","href":"https:\/\/api.w.org\/{rel}","templated":true}]}}